{"id":817,"date":"2020-12-13T14:27:03","date_gmt":"2020-12-13T14:27:03","guid":{"rendered":"https:\/\/marka.fo\/?post_type=product&#038;p=817"},"modified":"2024-05-07T17:11:45","modified_gmt":"2024-05-07T16:11:45","slug":"gonguturur-a-oyrareingjagardi-4-timar-2","status":"publish","type":"product","link":"https:\/\/marka.fo\/en_gb\/product\/gonguturur-a-oyrareingjagardi-4-timar-2\/","title":{"rendered":"GUIDED TOUR FOR GROUPS - 4 HOURS"},"content":{"rendered":"<p>This guided tour is inspired by the Faroese Sheep Letter, the oldest surviving document on the Faroe Islands and how it still affects agricultural practices some 700 years later.<\/p>\n<p>The tour starts at the parking lot just south of Hundsarabotn. From here we hike to the historically significant Brynjumannabor\u00f0. We walk along the old, charming road Oyggjarg\u00f8ta south to Langaregn where it joins Oyggjarvegurin.<\/p>\n<p>We will be hiking along the beautiful river Skei\u00f0s\u00e1, followed by a stop at the significant landmark. \"Koppin\". From there we venture off to \"\u00e1 Stall\", which gives you a clear view of the two towering mountains Sk\u00e6lingur and Sornfelli.<\/p>\n<p>Throughout the tour, I will be talking you through significant historical events past and present and our family farm's role in some of them.  I will be talking about the 700-year-old Sheep Letter, how it came to be and how it affects my family's farm to this very day.<\/p>\n<p>This guided tour is intented for a minimum of 10 persons. It is the perfect choice for anyone who wants an unforgetable and unique experience when visiting the Faroe Islands.<\/p>\n<p class=\"translation-block\">It is possible to customize the tour. For more information, please feel free to write to us on\u00a0<strong>marka@marka.fo or call 591500 <\/strong>.<\/p>\n<h2><strong>Included<\/strong><\/h2>\n<ul>\n<li>Tour with a guide who grew up on Oyrareingjargardur.<\/li>\n<li>S\u00f8gufr\u00e1grei\u00f0ing vi\u00f0 \u00edbl\u00e1stri \u00far Sey\u00f0abr\u00e6vinum<\/li>\n<li><\/li>\n<li><strong>\u261d\ufe0f Press the review tab above to read the 5-star review \u261d\ufe0f<\/strong><\/li>\n<\/ul>\n<p><a href=\"https:\/\/marka.fo\/en_gb\/2020\/12\/18\/fyrispurningur-um-tur\/\"><strong>Need further information about the tour? Please feel free to contact us on: marka@marka.fo<\/strong><\/a><\/p>","protected":false},"excerpt":{"rendered":"<p>Step back in time with one of our guided tours  and witness some of the most spectacular, natural scenery, on the Faroe Islands. MARKA is inspired by the Faroes Sheep Letter which is over 700 years old and is the oldest surviving document on the Islands.<\/p>\n<p><strong>Duration: <\/strong>4 hours<strong><br \/>\nDifficulty: <\/strong>Average<strong><br \/>\nAvailability: <\/strong>Min. 10 persons (or call for a customized tour)<br \/>\n<strong>Price:<\/strong>: 550,- pr.pers.<\/p>\n<p><strong>If you write to us please specify if you are interested in purchasing a packed lunch DKK 200,- coffee and something for desert DKK 50,-, tote-bag DKK 169,- and an umbrella DKK 399,-<\/strong><\/p>\n<p>&nbsp;<\/p>\n<p><strong>&gt; <a href=\"https:\/\/marka.fo\/en_gb\/2020\/12\/18\/fyrispurningur-um-tur\/\">Need further information about the tour? Click here to send us a message.<\/a><\/strong><\/p>","protected":false},"featured_media":829,"comment_status":"open","ping_status":"closed","template":"","meta":[],"product_brand":[],"product_cat":[17],"product_tag":[],"class_list":{"0":"post-817","1":"product","2":"type-product","3":"status-publish","4":"has-post-thumbnail","6":"product_cat-gonguturur","7":"wpbf-post","10":"outofstock","11":"virtual","12":"taxable","13":"purchasable","14":"product-type-simple","15":"wpbf-woo-has-gallery"},"_links":{"self":[{"href":"https:\/\/marka.fo\/en_gb\/wp-json\/wp\/v2\/product\/817","targetHints":{"allow":["GET"]}}],"collection":[{"href":"https:\/\/marka.fo\/en_gb\/wp-json\/wp\/v2\/product"}],"about":[{"href":"https:\/\/marka.fo\/en_gb\/wp-json\/wp\/v2\/types\/product"}],"replies":[{"embeddable":true,"href":"https:\/\/marka.fo\/en_gb\/wp-json\/wp\/v2\/comments?post=817"}],"version-history":[{"count":9,"href":"https:\/\/marka.fo\/en_gb\/wp-json\/wp\/v2\/product\/817\/revisions"}],"predecessor-version":[{"id":1137,"href":"https:\/\/marka.fo\/en_gb\/wp-json\/wp\/v2\/product\/817\/revisions\/1137"}],"wp:featuredmedia":[{"embeddable":true,"href":"https:\/\/marka.fo\/en_gb\/wp-json\/wp\/v2\/media\/829"}],"wp:attachment":[{"href":"https:\/\/marka.fo\/en_gb\/wp-json\/wp\/v2\/media?parent=817"}],"wp:term":[{"taxonomy":"product_brand","embeddable":true,"href":"https:\/\/marka.fo\/en_gb\/wp-json\/wp\/v2\/product_brand?post=817"},{"taxonomy":"product_cat","embeddable":true,"href":"https:\/\/marka.fo\/en_gb\/wp-json\/wp\/v2\/product_cat?post=817"},{"taxonomy":"product_tag","embeddable":true,"href":"https:\/\/marka.fo\/en_gb\/wp-json\/wp\/v2\/product_tag?post=817"}],"curies":[{"name":"wp","href":"https:\/\/api.w.org\/{rel}","templated":true}]}}