{"id":19,"date":"2020-08-24T08:43:56","date_gmt":"2020-08-24T08:43:56","guid":{"rendered":"https:\/\/test.marka.fo\/?post_type=product&#038;p=19"},"modified":"2024-05-07T17:14:23","modified_gmt":"2024-05-07T16:14:23","slug":"gonguturur-a-oyrareingjagardi-4-timar","status":"publish","type":"product","link":"https:\/\/marka.fo\/en_gb\/product\/gonguturur-a-oyrareingjagardi-4-timar\/","title":{"rendered":"GUIDED TOUR FOR BUSINESS - 4 HOURS"},"content":{"rendered":"<p>This guided tour is inspired by the Faroese Sheep Letter, the oldest surviving document on the Faroe Islands and how it still affects agricultural practices some 700 years later.<\/p>\n<p>The tour starts at the parking lot just south of Hundsarabotn. From here we hike to the historically significant Brynjumannabor\u00f0. We walk along the old, charming road Oyggjarg\u00f8ta south to Langaregn where it joins Oyggjarvegurin.<\/p>\n<p>We will be hiking along the beautiful river Skei\u00f0s\u00e1, followed by a stop at the significant landmark. \"Koppin\". From there we venture off to \"\u00e1 Stall\", which gives you a clear view of the two towering mountains Sk\u00e6lingur and Sornfelli.<\/p>\n<p>Throughout the tour, I will be talking you through significant historical events past and present and our family farm's role in some of them.  I will be talking about the 700-year-old Sheep Letter, how it came to be and how it affects my family's farm to this very day.<\/p>\n<p>The tour is for a minimum for 10 participants. It has been designed for businesses wanting a break from the office and tourists wanting a special day out on the Faroes.<\/p>\n<p class=\"translation-block\">It is possible to customize the tour. For more information, please feel free to write to us on\u00a0<strong>marka@marka.fo or call 591500 <\/strong>.<\/p>\n<h2><strong>Included<\/strong><\/h2>\n<ul>\n<li>Tour with a guide who grew up on Oyrareingjargardur.<\/li>\n<li>Story-telling. Learn about the Faroese Sheep Letter and how it impacted life on our farm. The Sheep Letter is the oldest surviving document on the islands, and the rules and regulations are still in use today. Hear about legendary folklore and historical events and see where it took place.<\/li>\n<li>Matpakki. Heimabaka\u00f0 rugbrey\u00f0 vi\u00f0 skerpikj\u00f8ti og rullupylsu av gar\u00f0inum. Afturvi\u00f0 okkurt gott at sl\u00f8kkja tostan vi\u00f0.<\/li>\n<li>Tote-bag. Black with gold MARKA logo made of 100% eco-friendly cotton.<\/li>\n<li>Brochure with a brief historical account of the Faroese Sheep Letter and our farm.<\/li>\n<li>Superior quality umbrella: Black with gold MARKA logo. A timeless and elegant design. Comes with convenient zipper casing.<\/li>\n<\/ul>\n<p><strong>\u261d\ufe0f Press the review tab above to read the 5-star review \u261d\ufe0f<\/strong><\/p>\n<p><a href=\"https:\/\/marka.fo\/en_gb\/2020\/12\/18\/fyrispurningur-um-tur\/\"><strong>Need further information about the tour? Please feel free to contact us on: marka@marka.fo<\/strong><\/a><\/p>","protected":false},"excerpt":{"rendered":"<p>Take a break from the office and step back in time with one of our guided tours and witness some of the most spectacular, natural scenery, on the Faroe Islands. MARKA is inspired by the Faroes Sheep Letter which is over 700 years old and is the oldest surviving document on the Islands.<\/p>\n<p><strong>Duration: <\/strong>4 hours<strong><br \/>\nDifficulty: <\/strong>Average<strong><br \/>\nAvailability: <\/strong>Min. 10 persons.<br \/>\n<strong>Price:<\/strong>: 1295,- fyri hv\u00f8nn<\/p>\n<p><strong>&gt; <a href=\"https:\/\/marka.fo\/en_gb\/2020\/12\/18\/fyrispurningur-um-tur\/\">Need further information about the tour? Click here to send us a message.<\/a><\/strong><\/p>","protected":false},"featured_media":830,"comment_status":"open","ping_status":"closed","template":"","meta":[],"product_brand":[],"product_cat":[17],"product_tag":[],"class_list":{"0":"post-19","1":"product","2":"type-product","3":"status-publish","4":"has-post-thumbnail","6":"product_cat-gonguturur","7":"wpbf-post","10":"outofstock","11":"virtual","12":"taxable","13":"purchasable","14":"product-type-simple","15":"wpbf-woo-has-gallery"},"_links":{"self":[{"href":"https:\/\/marka.fo\/en_gb\/wp-json\/wp\/v2\/product\/19","targetHints":{"allow":["GET"]}}],"collection":[{"href":"https:\/\/marka.fo\/en_gb\/wp-json\/wp\/v2\/product"}],"about":[{"href":"https:\/\/marka.fo\/en_gb\/wp-json\/wp\/v2\/types\/product"}],"replies":[{"embeddable":true,"href":"https:\/\/marka.fo\/en_gb\/wp-json\/wp\/v2\/comments?post=19"}],"version-history":[{"count":4,"href":"https:\/\/marka.fo\/en_gb\/wp-json\/wp\/v2\/product\/19\/revisions"}],"predecessor-version":[{"id":1275,"href":"https:\/\/marka.fo\/en_gb\/wp-json\/wp\/v2\/product\/19\/revisions\/1275"}],"wp:featuredmedia":[{"embeddable":true,"href":"https:\/\/marka.fo\/en_gb\/wp-json\/wp\/v2\/media\/830"}],"wp:attachment":[{"href":"https:\/\/marka.fo\/en_gb\/wp-json\/wp\/v2\/media?parent=19"}],"wp:term":[{"taxonomy":"product_brand","embeddable":true,"href":"https:\/\/marka.fo\/en_gb\/wp-json\/wp\/v2\/product_brand?post=19"},{"taxonomy":"product_cat","embeddable":true,"href":"https:\/\/marka.fo\/en_gb\/wp-json\/wp\/v2\/product_cat?post=19"},{"taxonomy":"product_tag","embeddable":true,"href":"https:\/\/marka.fo\/en_gb\/wp-json\/wp\/v2\/product_tag?post=19"}],"curies":[{"name":"wp","href":"https:\/\/api.w.org\/{rel}","templated":true}]}}